{"id":107,"date":"2025-11-19T22:00:16","date_gmt":"2025-11-19T22:00:16","guid":{"rendered":"https:\/\/freunde-djibos.de\/wp\/?page_id=107"},"modified":"2025-11-29T20:56:06","modified_gmt":"2025-11-29T20:56:06","slug":"datenschutz","status":"publish","type":"page","link":"https:\/\/freunde-djibos.de\/wp\/?page_id=107","title":{"rendered":"Datenschutz"},"content":{"rendered":"\n<h1 class=\"wp-block-heading has-xx-large-font-size\">Datenschutzerkl\u00e4rung<\/h1>\n\n\n\n<p><strong>1. Verantwortlicher<\/strong><br>Freunde Djibos e.V.<br>Ringstra\u00dfe 18<br>82538 Geretsried-Gelting<br>E-Mail: freunde-djibos@gmx.de<br>Amtsgerichts M\u00fcnchen, VR 100339<\/p>\n\n\n\n<p>Vertreten durch den Vorstand gem. \u00a7 26 BGB<br>Irmgard Hurnaus, Josef Pripfel<\/p>\n\n\n\n<p><strong>2. Erfassung allgemeiner Daten beim Besuch der Website<\/strong><br>Beim Aufrufen unserer Website freunde-djibos.de werden automatisch Informationen in sogenannten Server-Log-Dateien gespeichert. Diese Daten beinhalten z. B.:<\/p>\n\n\n\n<ul class=\"wp-block-list\">\n<li>IP-Adresse<\/li>\n\n\n\n<li>Datum und Uhrzeit der Anfrage<\/li>\n\n\n\n<li>aufgerufene Seite \/ Datei<\/li>\n\n\n\n<li>\u00fcbertragene Datenmenge<\/li>\n\n\n\n<li>Referrer (herkommende Seite)<\/li>\n\n\n\n<li>Browser-Typ und Version<\/li>\n\n\n\n<li>Betriebssystem<br>Diese Informationen sind erforderlich, um den Betrieb der Website sicherzustellen, m\u00f6gliche Angriffe zu erkennen und die Serverstabilit\u00e4t zu \u00fcberwachen.<\/li>\n<\/ul>\n\n\n\n<p><strong>Rechtsgrundlage:<\/strong> berechtigtes Interesse (Art. 6 Abs. 1 lit. f DSGVO).<br><strong>Speicherdauer:<\/strong> Die Logdaten werden gespeichert, solange sie f\u00fcr betriebliche und Sicherheitszwecke ben\u00f6tigt werden, maximal 3 Monate. <\/p>\n\n\n\n<p><strong>3. Betroffenenrechte<\/strong><br>Sie haben das Recht:<\/p>\n\n\n\n<ul class=\"wp-block-list\">\n<li>Auskunft \u00fcber die bei uns gespeicherten personenbezogenen Daten zu erhalten (Art. 15 DSGVO)<\/li>\n\n\n\n<li>Berichtigung unrichtiger Daten (Art. 16 DSGVO)<\/li>\n\n\n\n<li>L\u00f6schung Ihrer Daten (\u201eRecht auf Vergessen\u201c) (Art. 17 DSGVO)<\/li>\n\n\n\n<li>Einschr\u00e4nkung der Verarbeitung (Art. 18 DSGVO)<\/li>\n\n\n\n<li>Widerspruch gegen die Verarbeitung (Art. 21 DSGVO)<\/li>\n\n\n\n<li>Daten\u00fcbertragbarkeit (Art. 20 DSGVO)<\/li>\n<\/ul>\n\n\n\n<p>Wenn Sie eines dieser Rechte aus\u00fcben m\u00f6chten, schreiben Sie uns bitte unter den oben angegebenen Kontaktdaten.<\/p>\n\n\n\n<p><strong>4. Sicherheit<\/strong><br>Wir setzen technische und organisatorische Ma\u00dfnahmen ein, um Ihre Daten zu sch\u00fctzen (z. B. gesicherte Server, Zugriffsbeschr\u00e4nkung). Dennoch kann keine Daten\u00fcbertragung \u00fcber das Internet 100 % sicher sein.<\/p>\n\n\n\n<p><strong>5. \u00c4nderungen der Datenschutzerkl\u00e4rung<\/strong><br>Diese Datenschutzerkl\u00e4rung kann von Zeit zu Zeit aktualisiert werden. Wir empfehlen, dass Sie sie regelm\u00e4\u00dfig einsehen, um \u00fcber eventuelle \u00c4nderungen informiert zu sein.<\/p>\n","protected":false},"excerpt":{"rendered":"<p>Datenschutzerkl\u00e4rung 1. VerantwortlicherFreunde Djibos e.V.Ringstra\u00dfe 1882538 Geretsried-GeltingE-Mail: freunde-djibos@gmx.deAmtsgerichts M\u00fcnchen, VR 100339 Vertreten durch den Vorstand gem. \u00a7 26 BGBIrmgard Hurnaus, Josef Pripfel 2. Erfassung allgemeiner Daten beim Besuch der WebsiteBeim Aufrufen unserer Website freunde-djibos.de werden automatisch Informationen in sogenannten Server-Log-Dateien gespeichert. Diese Daten beinhalten z. B.: Rechtsgrundlage: berechtigtes Interesse (Art. 6 Abs. 1 lit. f [&hellip;]<\/p>\n","protected":false},"author":1,"featured_media":0,"parent":0,"menu_order":0,"comment_status":"closed","ping_status":"closed","template":"","meta":{"footnotes":""},"class_list":["post-107","page","type-page","status-publish","hentry"],"_links":{"self":[{"href":"https:\/\/freunde-djibos.de\/wp\/index.php?rest_route=\/wp\/v2\/pages\/107","targetHints":{"allow":["GET"]}}],"collection":[{"href":"https:\/\/freunde-djibos.de\/wp\/index.php?rest_route=\/wp\/v2\/pages"}],"about":[{"href":"https:\/\/freunde-djibos.de\/wp\/index.php?rest_route=\/wp\/v2\/types\/page"}],"author":[{"embeddable":true,"href":"https:\/\/freunde-djibos.de\/wp\/index.php?rest_route=\/wp\/v2\/users\/1"}],"replies":[{"embeddable":true,"href":"https:\/\/freunde-djibos.de\/wp\/index.php?rest_route=%2Fwp%2Fv2%2Fcomments&post=107"}],"version-history":[{"count":4,"href":"https:\/\/freunde-djibos.de\/wp\/index.php?rest_route=\/wp\/v2\/pages\/107\/revisions"}],"predecessor-version":[{"id":152,"href":"https:\/\/freunde-djibos.de\/wp\/index.php?rest_route=\/wp\/v2\/pages\/107\/revisions\/152"}],"wp:attachment":[{"href":"https:\/\/freunde-djibos.de\/wp\/index.php?rest_route=%2Fwp%2Fv2%2Fmedia&parent=107"}],"curies":[{"name":"wp","href":"https:\/\/api.w.org\/{rel}","templated":true}]}}