{"id":27,"date":"2025-11-16T21:28:55","date_gmt":"2025-11-16T21:28:55","guid":{"rendered":"https:\/\/freunde-djibos.de\/wp\/?page_id=27"},"modified":"2025-12-07T20:43:35","modified_gmt":"2025-12-07T20:43:35","slug":"home","status":"publish","type":"page","link":"https:\/\/freunde-djibos.de\/wp\/?page_id=27","title":{"rendered":"Verein"},"content":{"rendered":"\n<h2 class=\"wp-block-heading\">Der Verein <\/h2>\n\n\n\n<div class=\"wp-block-group has-global-padding is-layout-constrained wp-block-group-is-layout-constrained\">\n<p><\/p>\n\n\n\n<h3 class=\"wp-block-heading\">Wie alles begann<\/h3>\n\n\n\n<p>1983 kam ein vierj\u00e4hriger Junge mit dem Namen Toubako aus dem Ort Djibo in Burkina Faso wegen einer Beinl\u00e4hmung f\u00fcr ein Jahr zu uns nach Geretsried-Gelting zur \u00e4rztlichen Behandlung. Dies war 1985 der Anlass, den Verein \u201eFreunde Djibos\u201c zur Unterst\u00fctzung seiner Heimat zu gr\u00fcnden. Um die n\u00f6tigen Mittel zu beschaffen, veranstalteten wir unseren ersten Weihnachtsbasar.<\/p>\n<\/div>\n\n\n\n<div class=\"wp-block-group has-global-padding is-layout-constrained wp-block-group-is-layout-constrained\">\n<h3 class=\"wp-block-heading\">So ging es weiter<\/h3>\n\n\n\n<p>Die Sehnsucht nach Toubako, inzwischen wieder bei seiner Familie, war der Grund f\u00fcr private Besuche in Djibo und so<br>kam es, wie es kommen musste: An Ort und Stelle \u00fcberzeugten wir uns, wo es fehlte und welche M\u00f6glichkeit es f\u00fcr<br>uns gab, einem gr\u00f6\u00dferen Teil der Bev\u00f6lkerung zu helfen. Im Laufe der Jahre wuchs der Verein, die Arbeiten wurden<br>intensiver, die Geldmittelbeschaffung effektiver und unser Wirken in Burkina Faso umfangreicher und gezielter.<br>Da wir alle nur ehrenamtlich arbeiten, flie\u00dft jeder eingenommene EURO in unsere Projektarbeit.<\/p>\n<\/div>\n\n\n\n<div class=\"wp-block-group has-global-padding is-layout-constrained wp-block-group-is-layout-constrained\">\n<h3 class=\"wp-block-heading\">Hier stehen wir heute<\/h3>\n\n\n\n<p>Unser Verein z\u00e4hlt 40 Mitglieder, doch bei unserem j\u00e4hrlichen Weihnachtsbummel beteiligen sich ann\u00e4hernd 100 Leute beim Basteln, Kuchenbacken, Verkaufen und anderen Arbeiten. Die Aktivit\u00e4ten in Burkina Faso haben wir weit \u00fcber den Ort Djibo hinaus auf mehrere Regionen ausgedehnt. Unsere Schwerpunkte sind Schulbildung, Wasserversorgung, F\u00f6rderung und Ausbildung des Handwerks.<\/p>\n\n\n\n<figure class=\"wp-block-image size-full\"><img fetchpriority=\"high\" decoding=\"async\" width=\"595\" height=\"396\" src=\"https:\/\/freunde-djibos.de\/wp\/wp-content\/uploads\/2025\/11\/Freunde-Djibos-Gruppenfoto-2010-k.jpg\" alt=\"\" class=\"wp-image-82\" srcset=\"https:\/\/freunde-djibos.de\/wp\/wp-content\/uploads\/2025\/11\/Freunde-Djibos-Gruppenfoto-2010-k.jpg 595w, https:\/\/freunde-djibos.de\/wp\/wp-content\/uploads\/2025\/11\/Freunde-Djibos-Gruppenfoto-2010-k-300x200.jpg 300w\" sizes=\"(max-width: 595px) 100vw, 595px\" \/><\/figure>\n\n\n\n<p>Alles, was wir tun, ist Hilfe zur Selbsthilfe. Wir haben deshalb die Anerkennung sowohl der regionalen Beh\u00f6rden als auch des Bundesministeriums f\u00fcr wirtschaftliche Zusammenarbeit. Durch europ\u00e4ische Verflechtung unserer Arbeit erhalten wir auch von der EU Unterst\u00fctzung f\u00fcr unsere Projektarbeit. Der pers\u00f6nliche Kontakt zu den Projektpartnern vor Ort sichert eine erfolgreiche Zusammenarbeit.<\/p>\n<\/div>\n\n\n\n<div class=\"wp-block-group has-global-padding is-layout-constrained wp-block-group-is-layout-constrained\">\n<h3 class=\"wp-block-heading\">Wie k\u00f6nnen Sie unterst\u00fctzen<\/h3>\n\n\n\n<ul class=\"wp-block-list\">\n<li>Kommen Sie zu unseren Veranstaltungen und informieren Sie sich \u00fcber Probleme und Probleml\u00f6sungen in den L\u00e4ndern der Sahelzone.<\/li>\n\n\n\n<li>Laden Sie uns ein \u2013 wir kommen gerne in Schulen, Jugendzentren, Vereine etc. um \u00fcber unsere Arbeit zu berichten.<\/li>\n\n\n\n<li>Arbeiten Sie mit uns, wenn wir einen Basar oder sonstige Veranstaltungen vorbereiten.<\/li>\n\n\n\n<li>Geben Sie uns durch Ihre Spende und den Besuch unserer Veranstaltungen den n\u00f6tigen finanziellen R\u00fcckhalt f\u00fcr unsere Arbeit.<\/li>\n\n\n\n<li>Widmen Sie Ihre Benefizveranstaltungen unserer Arbeit.<\/li>\n\n\n\n<li>Empfehlen Sie uns weiter.<\/li>\n\n\n\n<li>Werden Sie Mitglied bei uns!<\/li>\n\n\n\n<li>Ihre Mitarbeit ist gefragt; es findet jeder eine geeignete Aufgabe.<\/li>\n<\/ul>\n\n\n\n<div class=\"wp-block-buttons is-content-justification-center is-layout-flex wp-container-core-buttons-is-layout-a89b3969 wp-block-buttons-is-layout-flex\">\n<div class=\"wp-block-button\"><a class=\"wp-block-button__link has-vivid-red-background-color has-background wp-element-button\" href=\"https:\/\/freunde-djibos.de\/wp\/?page_id=18#spenden\">Jetzt spenden<\/a><\/div>\n<\/div>\n<\/div>\n","protected":false},"excerpt":{"rendered":"<p>Der Verein Wie alles begann 1983 kam ein vierj\u00e4hriger Junge mit dem Namen Toubako aus dem Ort Djibo in Burkina Faso wegen einer Beinl\u00e4hmung f\u00fcr ein Jahr zu uns nach Geretsried-Gelting zur \u00e4rztlichen Behandlung. Dies war 1985 der Anlass, den Verein \u201eFreunde Djibos\u201c zur Unterst\u00fctzung seiner Heimat zu gr\u00fcnden. Um die n\u00f6tigen Mittel zu beschaffen, [&hellip;]<\/p>\n","protected":false},"author":1,"featured_media":0,"parent":0,"menu_order":0,"comment_status":"closed","ping_status":"closed","template":"","meta":{"footnotes":""},"class_list":["post-27","page","type-page","status-publish","hentry"],"_links":{"self":[{"href":"https:\/\/freunde-djibos.de\/wp\/index.php?rest_route=\/wp\/v2\/pages\/27","targetHints":{"allow":["GET"]}}],"collection":[{"href":"https:\/\/freunde-djibos.de\/wp\/index.php?rest_route=\/wp\/v2\/pages"}],"about":[{"href":"https:\/\/freunde-djibos.de\/wp\/index.php?rest_route=\/wp\/v2\/types\/page"}],"author":[{"embeddable":true,"href":"https:\/\/freunde-djibos.de\/wp\/index.php?rest_route=\/wp\/v2\/users\/1"}],"replies":[{"embeddable":true,"href":"https:\/\/freunde-djibos.de\/wp\/index.php?rest_route=%2Fwp%2Fv2%2Fcomments&post=27"}],"version-history":[{"count":15,"href":"https:\/\/freunde-djibos.de\/wp\/index.php?rest_route=\/wp\/v2\/pages\/27\/revisions"}],"predecessor-version":[{"id":195,"href":"https:\/\/freunde-djibos.de\/wp\/index.php?rest_route=\/wp\/v2\/pages\/27\/revisions\/195"}],"wp:attachment":[{"href":"https:\/\/freunde-djibos.de\/wp\/index.php?rest_route=%2Fwp%2Fv2%2Fmedia&parent=27"}],"curies":[{"name":"wp","href":"https:\/\/api.w.org\/{rel}","templated":true}]}}