{"id":45,"date":"2025-11-08T23:12:56","date_gmt":"2025-11-08T23:12:56","guid":{"rendered":"https:\/\/freunde-djibos.de\/wp\/?page_id=45"},"modified":"2025-12-07T21:22:31","modified_gmt":"2025-12-07T21:22:31","slug":"projekte","status":"publish","type":"page","link":"https:\/\/freunde-djibos.de\/wp\/?page_id=45","title":{"rendered":"Projekte"},"content":{"rendered":"\n<h2 class=\"wp-block-heading\">Aktuelle und bisherige Hilfsprojekte<\/h2>\n\n\n\n<div class=\"wp-block-group has-global-padding is-layout-constrained wp-block-group-is-layout-constrained\">\n<h3 class=\"wp-block-heading\">Bildung schenkt Zukunft<\/h3>\n\n\n\n<p><strong>Gemeinsam geben wir Kindern in Burkina Faso eine Chance.<\/strong><\/p>\n\n\n\n<div class=\"wp-block-columns is-layout-flex wp-container-core-columns-is-layout-28f84493 wp-block-columns-is-layout-flex\">\n<div class=\"wp-block-column is-layout-flow wp-block-column-is-layout-flow\">\n<p>In den Regionen <strong>Bogand\u00e9, Pi\u00e9la und Bilanga<\/strong> \u2013 im <strong>Norden Burkina Fasos<\/strong> \u2013 w\u00e4chst eine Generation von Kindern auf, die durch Terror und Krankheit ihre Eltern verloren hat. Viele von ihnen stehen ohne Perspektive da. Gef\u00e4hrdet, den falschen Weg zu w\u00e4hlen, weil Hoffnung und Halt fehlen.<\/p>\n\n\n\n<p><strong>Wir, die Freunde Djibos e. V., wollen das \u00e4ndern. <\/strong>Mit unserem aktuellen Schulprojekt erm\u00f6glichen wir <strong>125 betroffenen Kindern den Besuch einer Schule <\/strong>\u2013 einen sicheren Ort zum Lernen, Wachsen und Tr\u00e4umen. <strong>Die besten Sch\u00fcler<\/strong> erhalten nach dem Abschluss zudem die Chance auf <strong>eine Berufsausbildung<\/strong>.<\/p>\n\n\n\n<p>Die Initiative entstand auf Bitten von B\u00fcrgermeistern, Eltern und Vereinen vor Ort, die uns eindringlich um Unterst\u00fctzung baten.<\/p>\n\n\n\n<p><strong>Gemeinsam m\u00f6chten wir diesen Kindern Mut und Zukunft schenken \u2013 durch Bildung, Sicherheit und Hoffnung.<\/strong><\/p>\n<\/div>\n\n\n\n<div class=\"wp-block-column is-layout-flow wp-block-column-is-layout-flow\">\n<figure class=\"wp-block-image size-large\"><img fetchpriority=\"high\" decoding=\"async\" width=\"1024\" height=\"685\" src=\"https:\/\/freunde-djibos.de\/wp\/wp-content\/uploads\/2025\/11\/Schule_red-1024x685.jpg\" alt=\"\" class=\"wp-image-48\" srcset=\"https:\/\/freunde-djibos.de\/wp\/wp-content\/uploads\/2025\/11\/Schule_red-1024x685.jpg 1024w, https:\/\/freunde-djibos.de\/wp\/wp-content\/uploads\/2025\/11\/Schule_red-300x201.jpg 300w, https:\/\/freunde-djibos.de\/wp\/wp-content\/uploads\/2025\/11\/Schule_red-768x514.jpg 768w, https:\/\/freunde-djibos.de\/wp\/wp-content\/uploads\/2025\/11\/Schule_red-1536x1028.jpg 1536w, https:\/\/freunde-djibos.de\/wp\/wp-content\/uploads\/2025\/11\/Schule_red.jpg 1936w\" sizes=\"(max-width: 1024px) 100vw, 1024px\" \/><figcaption class=\"wp-element-caption\"><em>Mehrere Tausend Kinder haben im Laufe der Jahre Schulen der Freunde Djibos besucht (Foto Micha Weigl, November 2009)<\/em><\/figcaption><\/figure>\n<\/div>\n<\/div>\n<\/div>\n\n\n\n<div class=\"wp-block-group has-global-padding is-layout-constrained wp-block-group-is-layout-constrained\">\n<h3 class=\"wp-block-heading\">Wasserversorgung<\/h3>\n\n\n\n<div class=\"wp-block-columns is-layout-flex wp-container-core-columns-is-layout-28f84493 wp-block-columns-is-layout-flex\">\n<div class=\"wp-block-column is-layout-flow wp-block-column-is-layout-flow\">\n<figure class=\"wp-block-image size-full is-resized\"><img decoding=\"async\" width=\"595\" height=\"428\" src=\"https:\/\/freunde-djibos.de\/wp\/wp-content\/uploads\/2025\/11\/Brunnen.jpg\" alt=\"\" class=\"wp-image-49\" style=\"width:697px;height:auto\" srcset=\"https:\/\/freunde-djibos.de\/wp\/wp-content\/uploads\/2025\/11\/Brunnen.jpg 595w, https:\/\/freunde-djibos.de\/wp\/wp-content\/uploads\/2025\/11\/Brunnen-300x216.jpg 300w\" sizes=\"(max-width: 595px) 100vw, 595px\" \/><figcaption class=\"wp-element-caption\"><em><strong>Auch nach \u00fcber 20 Jahren Betrieb, liefert dieser Brunnen noch frisches Wasser (Foto Gio L\u00f6we, M\u00e4rz 2010)<\/strong><\/em><\/figcaption><\/figure>\n<\/div>\n\n\n\n<div class=\"wp-block-column is-layout-flow wp-block-column-is-layout-flow\">\n<p>Wasser ist eine Lebensgrundlage f\u00fcr den Menschen. Leider sind in vielen Ortschaften innerhalb des Sahelgebietes die Bewohner nur auf das Wasser angewiesen, das sie entweder w\u00e4hrend der Regenzeit in T\u00fcmpeln sammeln oder das sie oft von bis zu 10 km entfernten Brunnen holen (Frauenarbeit!). Durch Tiefbrunnen (Bohrtiefe meist \u00fcber 80 Meter), die wir im Rahmen unserer Arbeit schaffen, k\u00f6nnen wir viele tausend Menschen mit sauberem Wasser versorgen.<\/p>\n<\/div>\n<\/div>\n<\/div>\n\n\n\n<div class=\"wp-block-group has-global-padding is-layout-constrained wp-block-group-is-layout-constrained\">\n<h3 class=\"wp-block-heading\">Handwerkersf\u00f6rderung<\/h3>\n\n\n\n<div class=\"wp-block-columns is-layout-flex wp-container-core-columns-is-layout-28f84493 wp-block-columns-is-layout-flex\">\n<div class=\"wp-block-column is-layout-flow wp-block-column-is-layout-flow\">\n<p>Neben der Landwirtschaft bilden die Handwerksbetriebe die Wurzel jeglicher wirtschaftlichen Entwicklung. Schon sehr fr\u00fch sind wir durch die Ausbildung von Lehrlingen in das Gebiet &#8222;Handwerk&#8220; eingestiegen. 2001 haben wir dann die Patenschaft mit finanzieller Anschub-Finanzierung f\u00fcr eine Handwerkwerorganisation \u00fcbernommen, die alle Sparten umfasst und sich \u00fcber eine ganze Region erstreckt. Diese Organisation beinhaltet auch eine Spar- und Kreditbank (Raiffeisenprinzip), damit f\u00fcr kleine Handwerksbetriebe und auch zur Neugr\u00fcndung sogenannte Mikrokredite zur Verf\u00fcgung stehen. Ein Ausbildungszentrum, das neben den Unterrichtseinheiten f\u00fcr das Handwerk, wie Verwaltung Kalkulation, Finanzierung usw., auch Unterrichtseinheiten f\u00fcr kommunale Aufgaben enth\u00e4lt, wurde durch unsere Teilfinanzierung erst erm\u00f6glicht. Es arbeitet inzwischen landesweit.<\/p>\n<\/div>\n\n\n\n<div class=\"wp-block-column is-layout-flow wp-block-column-is-layout-flow\">\n<figure class=\"wp-block-image size-full\"><img decoding=\"async\" width=\"988\" height=\"664\" src=\"https:\/\/freunde-djibos.de\/wp\/wp-content\/uploads\/2025\/11\/Metallhandwerk.jpg\" alt=\"\" class=\"wp-image-50\" srcset=\"https:\/\/freunde-djibos.de\/wp\/wp-content\/uploads\/2025\/11\/Metallhandwerk.jpg 988w, https:\/\/freunde-djibos.de\/wp\/wp-content\/uploads\/2025\/11\/Metallhandwerk-300x202.jpg 300w, https:\/\/freunde-djibos.de\/wp\/wp-content\/uploads\/2025\/11\/Metallhandwerk-768x516.jpg 768w\" sizes=\"(max-width: 988px) 100vw, 988px\" \/><figcaption class=\"wp-element-caption\"><em><strong><em><strong>Das Metallhandwerk nimmt bei der Handwerkerf\u00f6rderung der Freunde Djibos einen besonderen Platz ein (Foto Gio L\u00f6we, M\u00e4rz 2010)<\/strong><\/em><\/strong><\/em><\/figcaption><\/figure>\n<\/div>\n<\/div>\n<\/div>\n\n\n\n<div class=\"wp-block-group has-global-padding is-layout-constrained wp-block-group-is-layout-constrained\">\n<h3 class=\"wp-block-heading\">Humanit\u00e4re Projekte<\/h3>\n\n\n\n<div class=\"wp-block-columns is-layout-flex wp-container-core-columns-is-layout-28f84493 wp-block-columns-is-layout-flex\">\n<div class=\"wp-block-column is-layout-flow wp-block-column-is-layout-flow\">\n<figure class=\"wp-block-image size-full\"><img loading=\"lazy\" decoding=\"async\" width=\"1200\" height=\"900\" src=\"https:\/\/freunde-djibos.de\/wp\/wp-content\/uploads\/2025\/11\/Webstuehle.jpg\" alt=\"\" class=\"wp-image-51\" srcset=\"https:\/\/freunde-djibos.de\/wp\/wp-content\/uploads\/2025\/11\/Webstuehle.jpg 1200w, https:\/\/freunde-djibos.de\/wp\/wp-content\/uploads\/2025\/11\/Webstuehle-300x225.jpg 300w, https:\/\/freunde-djibos.de\/wp\/wp-content\/uploads\/2025\/11\/Webstuehle-1024x768.jpg 1024w, https:\/\/freunde-djibos.de\/wp\/wp-content\/uploads\/2025\/11\/Webstuehle-768x576.jpg 768w\" sizes=\"(max-width: 1200px) 100vw, 1200px\" \/><figcaption class=\"wp-element-caption\"><em><strong>Spezielle Webst\u00fchle f\u00fcr behinderte Menschen<\/strong><\/em><\/figcaption><\/figure>\n<\/div>\n\n\n\n<div class=\"wp-block-column is-layout-flow wp-block-column-is-layout-flow\">\n<p>Webst\u00fchle f\u00fcr Behinderte:<br>Bereits im Herbst 2013 haben wir ein humanit\u00e4res Projekt begonnen. Es handelt sich um Webst\u00fchle f\u00fcr Behinderte, M\u00e4nner und Frauen. Das Weben von Stoffen geh\u00f6rt zur Tradition von Burkina Faso. Menschen, die im Rollstuhl sitzen, ist normalerweise das Arbeiten an Webst\u00fchlen, bei denen man sowohl H\u00e4nde als auch F\u00fc\u00dfe ben\u00f6tigt, nicht m\u00f6glich. Auch anderswo finden diese Leute meist keine Besch\u00e4ftigung und sind, um ihren Lebensunterhalt zu bestreiten, oft auf Betteln angewiesen. \u00d6ffentliche Unterst\u00fctzung gibt es nicht. Unsere Partnerorganisation, die Entwicklungshilfe Austria (EWA), hat in ihrer Entwicklungswerkstatt einen Weg gefunden, Webst\u00fchle f\u00fcr Behinderte herzustellen. Die Fertigung von zwei Spezial-Webst\u00fchlen haben wir in Auftrag gegeben. Sie wurden Ende des Jahres 2015 ausgeliefert.<\/p>\n<\/div>\n<\/div>\n<\/div>\n","protected":false},"excerpt":{"rendered":"<p>Aktuelle und bisherige Hilfsprojekte Bildung schenkt Zukunft Gemeinsam geben wir Kindern in Burkina Faso eine Chance. In den Regionen Bogand\u00e9, Pi\u00e9la und Bilanga \u2013 im Norden Burkina Fasos \u2013 w\u00e4chst eine Generation von Kindern auf, die durch Terror und Krankheit ihre Eltern verloren hat. Viele von ihnen stehen ohne Perspektive da. Gef\u00e4hrdet, den falschen Weg [&hellip;]<\/p>\n","protected":false},"author":1,"featured_media":0,"parent":0,"menu_order":0,"comment_status":"closed","ping_status":"closed","template":"","meta":{"footnotes":""},"class_list":["post-45","page","type-page","status-publish","hentry"],"_links":{"self":[{"href":"https:\/\/freunde-djibos.de\/wp\/index.php?rest_route=\/wp\/v2\/pages\/45","targetHints":{"allow":["GET"]}}],"collection":[{"href":"https:\/\/freunde-djibos.de\/wp\/index.php?rest_route=\/wp\/v2\/pages"}],"about":[{"href":"https:\/\/freunde-djibos.de\/wp\/index.php?rest_route=\/wp\/v2\/types\/page"}],"author":[{"embeddable":true,"href":"https:\/\/freunde-djibos.de\/wp\/index.php?rest_route=\/wp\/v2\/users\/1"}],"replies":[{"embeddable":true,"href":"https:\/\/freunde-djibos.de\/wp\/index.php?rest_route=%2Fwp%2Fv2%2Fcomments&post=45"}],"version-history":[{"count":6,"href":"https:\/\/freunde-djibos.de\/wp\/index.php?rest_route=\/wp\/v2\/pages\/45\/revisions"}],"predecessor-version":[{"id":204,"href":"https:\/\/freunde-djibos.de\/wp\/index.php?rest_route=\/wp\/v2\/pages\/45\/revisions\/204"}],"wp:attachment":[{"href":"https:\/\/freunde-djibos.de\/wp\/index.php?rest_route=%2Fwp%2Fv2%2Fmedia&parent=45"}],"curies":[{"name":"wp","href":"https:\/\/api.w.org\/{rel}","templated":true}]}}